{"id":100,"date":"2016-05-16T19:48:10","date_gmt":"2016-05-16T16:48:10","guid":{"rendered":"http:\/\/uus.tuba.ee\/?page_id=100"},"modified":"2016-05-16T19:48:10","modified_gmt":"2016-05-16T16:48:10","slug":"suuteroosituba","status":"publish","type":"page","link":"https:\/\/tuba.ee\/?page_id=100","title":{"rendered":"S\u00dc\u00dcTEROOSITUBA"},"content":{"rendered":"<p><img loading=\"lazy\" decoding=\"async\" class=\"alignnone wp-image-492\" src=\"http:\/\/tuba.ee\/wp-content\/uploads\/2016\/05\/s\u00fc\u00fcteroos1-300x189.jpg\" alt=\"s\u00fc\u00fcteroos1\" width=\"202\" height=\"127\" \/>\u00a0<img loading=\"lazy\" decoding=\"async\" class=\"alignnone wp-image-488\" src=\"http:\/\/tuba.ee\/wp-content\/uploads\/2016\/05\/P1040894-300x225.jpg\" alt=\"P1040894\" width=\"169\" height=\"127\" \/>\u00a0<img loading=\"lazy\" decoding=\"async\" class=\"alignnone wp-image-491\" src=\"http:\/\/tuba.ee\/wp-content\/uploads\/2016\/05\/P1040924-e1471089191452-300x222.jpg\" alt=\"P1040924\" width=\"172\" height=\"127\" \/><\/p>\n<p>S\u00fc\u00fcteroosid on head abimehed kaminasse v\u00f5i ahju tule s\u00fc\u00fctamisel. Nende tegemine on imelihtne, selleks tuleb koguda vaid munareste ja k\u00fc\u00fcnlajuppe ning roositegu v\u00f5ib alata!<\/p>\n<p><strong>T\u00f6\u00f6toa kestvus<\/strong><\/p>\n<p>Ajaliselt kulub t\u00f6\u00f6toale umbes\u00a0<strong>1 tund<\/strong>.<\/p>\n<p><strong>Osalejate vanus<\/strong><\/p>\n<p>Soovituslik osaleja vanus on alates\u00a0<strong>7. eluaastast<\/strong>. Juhul kui t\u00f6\u00f6tuba korraldatakse koos vanematega, saavad osalemisega hakkama ka nooremad lapsed.<\/p>\n<p><strong>T\u00f6\u00f6toa maksumus<\/strong><\/p>\n<p>Vaata\u00a0hinnakirja\u00a0v\u00f5i k\u00fcsi pakkumist t\u00f6\u00f6toa l\u00e4biviimiseks\u00a0<strong>info@tuba.ee<\/strong><strong>.<\/strong><\/p>\n<p>&nbsp;<\/p>\n<p>&nbsp;<\/p>\n<p>&nbsp;<\/p>\n","protected":false},"excerpt":{"rendered":"<p>\u00a0\u00a0 S\u00fc\u00fcteroosid on head abimehed kaminasse v\u00f5i ahju tule s\u00fc\u00fctamisel. Nende tegemine on imelihtne, selleks tuleb koguda vaid munareste ja k\u00fc\u00fcnlajuppe ning roositegu v\u00f5ib alata! T\u00f6\u00f6toa kestvus Ajaliselt kulub t\u00f6\u00f6toale umbes\u00a01 tund. Osalejate vanus Soovituslik osaleja vanus on alates\u00a07. eluaastast. Juhul kui t\u00f6\u00f6tuba korraldatakse koos vanematega, saavad osalemisega hakkama ka nooremad lapsed. T\u00f6\u00f6toa maksumus Vaata\u00a0hinnakirja\u00a0v\u00f5i &hellip; <\/p>\n<p class=\"link-more\"><a href=\"https:\/\/tuba.ee\/?page_id=100\" class=\"more-link\">Loe edasi<span class=\"screen-reader-text\"> &#8220;S\u00dc\u00dcTEROOSITUBA&#8221;<\/span><\/a><\/p>\n","protected":false},"author":1,"featured_media":0,"parent":8,"menu_order":1,"comment_status":"closed","ping_status":"closed","template":"","meta":{"footnotes":""},"class_list":["post-100","page","type-page","status-publish","hentry"],"_links":{"self":[{"href":"https:\/\/tuba.ee\/index.php?rest_route=\/wp\/v2\/pages\/100","targetHints":{"allow":["GET"]}}],"collection":[{"href":"https:\/\/tuba.ee\/index.php?rest_route=\/wp\/v2\/pages"}],"about":[{"href":"https:\/\/tuba.ee\/index.php?rest_route=\/wp\/v2\/types\/page"}],"author":[{"embeddable":true,"href":"https:\/\/tuba.ee\/index.php?rest_route=\/wp\/v2\/users\/1"}],"replies":[{"embeddable":true,"href":"https:\/\/tuba.ee\/index.php?rest_route=%2Fwp%2Fv2%2Fcomments&post=100"}],"version-history":[{"count":0,"href":"https:\/\/tuba.ee\/index.php?rest_route=\/wp\/v2\/pages\/100\/revisions"}],"up":[{"embeddable":true,"href":"https:\/\/tuba.ee\/index.php?rest_route=\/wp\/v2\/pages\/8"}],"wp:attachment":[{"href":"https:\/\/tuba.ee\/index.php?rest_route=%2Fwp%2Fv2%2Fmedia&parent=100"}],"curies":[{"name":"wp","href":"https:\/\/api.w.org\/{rel}","templated":true}]}}