{"id":101,"date":"2016-05-16T18:14:50","date_gmt":"2016-05-16T15:14:50","guid":{"rendered":"http:\/\/uus.tuba.ee\/?page_id=101"},"modified":"2016-05-16T18:14:50","modified_gmt":"2016-05-16T15:14:50","slug":"helkurituba","status":"publish","type":"page","link":"https:\/\/tuba.ee\/?page_id=101","title":{"rendered":"HELKURITUBA"},"content":{"rendered":"<p><strong> <img loading=\"lazy\" decoding=\"async\" class=\"alignnone wp-image-543 size-medium\" src=\"http:\/\/tuba.ee\/wp-content\/uploads\/2019\/09\/helkurid-e1569700219113-169x300.jpg\" alt=\"\" width=\"169\" height=\"300\" \/> <img loading=\"lazy\" decoding=\"async\" class=\"alignnone size-medium wp-image-544\" src=\"http:\/\/tuba.ee\/wp-content\/uploads\/2019\/09\/helkur-1-165x300.png\" alt=\"\" width=\"165\" height=\"300\" \/><\/strong><\/p>\n<p>Helkur on \u00fcks \u00e4ra\u00fctlemata vajalik asi nii v\u00e4iksele kui suurele, nii vanale kui noorele.<\/p>\n<p>Helkuri tegemine on tegelikult imelihtne, kuid vajab siiski juba veidi rohkem k\u00e4teosavust, siis seet\u00f5ttu\u00a0on v\u00f5imalik seda t\u00f6\u00f6tuba tellida koolilastele v\u00f5i t\u00e4iskasvanutele.<\/p>\n<p>Helkur sobib suurep\u00e4raselt kingituseks s\u00fcnnip\u00e4evaks, s\u00f5brap\u00e4evaks, naistep\u00e4evaks, emadep\u00e4evaks, j\u00f5uludeks v\u00f5i lihtsalt niisama kinkimiseks ja \u00fcllatuse valmistamiseks.<strong>\u00a0<\/strong><\/p>\n<p><strong>T\u00f6\u00f6toa kestvus<\/strong><\/p>\n<p>Ajaliselt kulub t\u00f6\u00f6toale umbes\u00a0<strong>1 tund<\/strong>. T\u00f6\u00f6toa kestvus oleneb seltskonna vanusest, suurusest ja Teie ajalimiidist.<\/p>\n<p><strong>Osalejate vanus<\/strong><\/p>\n<p>T\u00f6\u00f6tuba sobib lastele alates<strong> 7. eluaastast.\u00a0<\/strong><\/p>\n<p><strong>T\u00f6\u00f6toa maksumus<\/strong><\/p>\n<p>Vaata hinnakirja\u00a0v\u00f5i k\u00fcsi pakkumist t\u00f6\u00f6toa l\u00e4biviimiseks\u00a0<strong>info@tuba.ee<\/strong><strong>.<\/strong><\/p>\n","protected":false},"excerpt":{"rendered":"<p>Helkur on \u00fcks \u00e4ra\u00fctlemata vajalik asi nii v\u00e4iksele kui suurele, nii vanale kui noorele. Helkuri tegemine on tegelikult imelihtne, kuid vajab siiski juba veidi rohkem k\u00e4teosavust, siis seet\u00f5ttu\u00a0on v\u00f5imalik seda t\u00f6\u00f6tuba tellida koolilastele v\u00f5i t\u00e4iskasvanutele. Helkur sobib suurep\u00e4raselt kingituseks s\u00fcnnip\u00e4evaks, s\u00f5brap\u00e4evaks, naistep\u00e4evaks, emadep\u00e4evaks, j\u00f5uludeks v\u00f5i lihtsalt niisama kinkimiseks ja \u00fcllatuse valmistamiseks.\u00a0 T\u00f6\u00f6toa kestvus Ajaliselt kulub &hellip; <\/p>\n<p class=\"link-more\"><a href=\"https:\/\/tuba.ee\/?page_id=101\" class=\"more-link\">Loe edasi<span class=\"screen-reader-text\"> &#8220;HELKURITUBA&#8221;<\/span><\/a><\/p>\n","protected":false},"author":1,"featured_media":0,"parent":8,"menu_order":1,"comment_status":"closed","ping_status":"closed","template":"","meta":{"footnotes":""},"class_list":["post-101","page","type-page","status-publish","hentry"],"_links":{"self":[{"href":"https:\/\/tuba.ee\/index.php?rest_route=\/wp\/v2\/pages\/101","targetHints":{"allow":["GET"]}}],"collection":[{"href":"https:\/\/tuba.ee\/index.php?rest_route=\/wp\/v2\/pages"}],"about":[{"href":"https:\/\/tuba.ee\/index.php?rest_route=\/wp\/v2\/types\/page"}],"author":[{"embeddable":true,"href":"https:\/\/tuba.ee\/index.php?rest_route=\/wp\/v2\/users\/1"}],"replies":[{"embeddable":true,"href":"https:\/\/tuba.ee\/index.php?rest_route=%2Fwp%2Fv2%2Fcomments&post=101"}],"version-history":[{"count":0,"href":"https:\/\/tuba.ee\/index.php?rest_route=\/wp\/v2\/pages\/101\/revisions"}],"up":[{"embeddable":true,"href":"https:\/\/tuba.ee\/index.php?rest_route=\/wp\/v2\/pages\/8"}],"wp:attachment":[{"href":"https:\/\/tuba.ee\/index.php?rest_route=%2Fwp%2Fv2%2Fmedia&parent=101"}],"curies":[{"name":"wp","href":"https:\/\/api.w.org\/{rel}","templated":true}]}}