{"id":107,"date":"2016-05-16T19:37:45","date_gmt":"2016-05-16T16:37:45","guid":{"rendered":"http:\/\/uus.tuba.ee\/?page_id=107"},"modified":"2016-05-16T19:37:45","modified_gmt":"2016-05-16T16:37:45","slug":"joulukaunistuste-tootuba","status":"publish","type":"page","link":"https:\/\/tuba.ee\/?page_id=107","title":{"rendered":"J\u00d5ULUKAUNISTUSTETUBA"},"content":{"rendered":"<p><img loading=\"lazy\" decoding=\"async\" class=\"alignnone wp-image-474\" src=\"http:\/\/tuba.ee\/wp-content\/uploads\/2016\/05\/P1040936-300x225.jpg\" alt=\"P1040936\" width=\"169\" height=\"127\" \/>\u00a0<img loading=\"lazy\" decoding=\"async\" class=\"alignnone wp-image-473\" src=\"http:\/\/tuba.ee\/wp-content\/uploads\/2016\/05\/P1040928-300x225.jpg\" alt=\"P1040928\" width=\"169\" height=\"127\" \/>\u00a0<img loading=\"lazy\" decoding=\"async\" class=\"alignnone wp-image-475\" src=\"http:\/\/tuba.ee\/wp-content\/uploads\/2016\/05\/P1040934-300x225.jpg\" alt=\"P1040934\" width=\"169\" height=\"127\" \/><\/p>\n<p>J\u00f5ulukuuske saab kaunistada ka ebatraditsioonilisel moel &#8211; alati ei ole vaja riputada kuusele kulda ja karda, vaid piisab ka m\u00f5nusalt l\u00f5hnavast mesilasvaha k\u00e4rjeplaadist, millest v\u00f5ib v\u00e4ga toredaid kuusekaunistusi meisterdada!<\/p>\n<p><strong>T\u00f6\u00f6toa kestvus<\/strong><\/p>\n<p>Ajaliselt kulub t\u00f6\u00f6toale umbes\u00a0<strong>1 tund<\/strong>.<\/p>\n<p><strong>Osalejate vanus<\/strong><\/p>\n<p>Soovituslik osaleja vanus on alates\u00a0<strong>7. eluaastast<\/strong>. Juhul kui t\u00f6\u00f6tuba korraldatakse koos vanematega, saavad osalemisega hakkama ka nooremad lapsed.<\/p>\n<p><strong>T\u00f6\u00f6toa maksumus<\/strong><\/p>\n<p>Vaata\u00a0hinnakirja\u00a0v\u00f5i k\u00fcsi pakkumist t\u00f6\u00f6toa l\u00e4biviimiseks\u00a0<strong>info@tuba.ee<\/strong><strong>.<\/strong><\/p>\n<p>&nbsp;<\/p>\n<p>&nbsp;<\/p>\n<p>&nbsp;<\/p>\n","protected":false},"excerpt":{"rendered":"<p>\u00a0\u00a0 J\u00f5ulukuuske saab kaunistada ka ebatraditsioonilisel moel &#8211; alati ei ole vaja riputada kuusele kulda ja karda, vaid piisab ka m\u00f5nusalt l\u00f5hnavast mesilasvaha k\u00e4rjeplaadist, millest v\u00f5ib v\u00e4ga toredaid kuusekaunistusi meisterdada! T\u00f6\u00f6toa kestvus Ajaliselt kulub t\u00f6\u00f6toale umbes\u00a01 tund. Osalejate vanus Soovituslik osaleja vanus on alates\u00a07. eluaastast. Juhul kui t\u00f6\u00f6tuba korraldatakse koos vanematega, saavad osalemisega hakkama ka &hellip; <\/p>\n<p class=\"link-more\"><a href=\"https:\/\/tuba.ee\/?page_id=107\" class=\"more-link\">Loe edasi<span class=\"screen-reader-text\"> &#8220;J\u00d5ULUKAUNISTUSTETUBA&#8221;<\/span><\/a><\/p>\n","protected":false},"author":1,"featured_media":0,"parent":8,"menu_order":1,"comment_status":"closed","ping_status":"closed","template":"","meta":{"footnotes":""},"class_list":["post-107","page","type-page","status-publish","hentry"],"_links":{"self":[{"href":"https:\/\/tuba.ee\/index.php?rest_route=\/wp\/v2\/pages\/107","targetHints":{"allow":["GET"]}}],"collection":[{"href":"https:\/\/tuba.ee\/index.php?rest_route=\/wp\/v2\/pages"}],"about":[{"href":"https:\/\/tuba.ee\/index.php?rest_route=\/wp\/v2\/types\/page"}],"author":[{"embeddable":true,"href":"https:\/\/tuba.ee\/index.php?rest_route=\/wp\/v2\/users\/1"}],"replies":[{"embeddable":true,"href":"https:\/\/tuba.ee\/index.php?rest_route=%2Fwp%2Fv2%2Fcomments&post=107"}],"version-history":[{"count":0,"href":"https:\/\/tuba.ee\/index.php?rest_route=\/wp\/v2\/pages\/107\/revisions"}],"up":[{"embeddable":true,"href":"https:\/\/tuba.ee\/index.php?rest_route=\/wp\/v2\/pages\/8"}],"wp:attachment":[{"href":"https:\/\/tuba.ee\/index.php?rest_route=%2Fwp%2Fv2%2Fmedia&parent=107"}],"curies":[{"name":"wp","href":"https:\/\/api.w.org\/{rel}","templated":true}]}}