{"id":125,"date":"2016-05-16T19:50:29","date_gmt":"2016-05-16T16:50:29","guid":{"rendered":"http:\/\/uus.tuba.ee\/?page_id=125"},"modified":"2016-05-16T19:50:29","modified_gmt":"2016-05-16T16:50:29","slug":"kontakt","status":"publish","type":"page","link":"https:\/\/tuba.ee\/?page_id=125","title":{"rendered":"KONTAKT"},"content":{"rendered":"<p>T\u00f6\u00f6tubade tellimusi ning k\u00fcsimusi ja ettepanekuid ootame:<br \/>\ntelefonil + 372 5333 5253<br \/>\ninfo@tuba.ee<\/p>\n<p>Meeldivate kohtumisteni!<\/p>\n<p>Regina Mathisen<br \/>\ntel 5333 5253<br \/>\nKulna k\u00fcla, Keila vald, Harjumaa<\/p>\n<p>&nbsp;<\/p>\n<p>&nbsp;<\/p>\n<p>&nbsp;<\/p>\n<p>&nbsp;<\/p>\n<p>&nbsp;<\/p>\n<p>&nbsp;<\/p>\n<p>&nbsp;<\/p>\n<p>&nbsp;<\/p>\n","protected":false},"excerpt":{"rendered":"<p>T\u00f6\u00f6tubade tellimusi ning k\u00fcsimusi ja ettepanekuid ootame: telefonil + 372 5333 5253 info@tuba.ee Meeldivate kohtumisteni! Regina Mathisen tel 5333 5253 Kulna k\u00fcla, Keila vald, Harjumaa &nbsp; &nbsp; &nbsp; &nbsp; &nbsp; &nbsp; &nbsp; &nbsp;<\/p>\n","protected":false},"author":1,"featured_media":0,"parent":0,"menu_order":0,"comment_status":"closed","ping_status":"closed","template":"","meta":{"footnotes":""},"class_list":["post-125","page","type-page","status-publish","hentry"],"_links":{"self":[{"href":"https:\/\/tuba.ee\/index.php?rest_route=\/wp\/v2\/pages\/125","targetHints":{"allow":["GET"]}}],"collection":[{"href":"https:\/\/tuba.ee\/index.php?rest_route=\/wp\/v2\/pages"}],"about":[{"href":"https:\/\/tuba.ee\/index.php?rest_route=\/wp\/v2\/types\/page"}],"author":[{"embeddable":true,"href":"https:\/\/tuba.ee\/index.php?rest_route=\/wp\/v2\/users\/1"}],"replies":[{"embeddable":true,"href":"https:\/\/tuba.ee\/index.php?rest_route=%2Fwp%2Fv2%2Fcomments&post=125"}],"version-history":[{"count":0,"href":"https:\/\/tuba.ee\/index.php?rest_route=\/wp\/v2\/pages\/125\/revisions"}],"wp:attachment":[{"href":"https:\/\/tuba.ee\/index.php?rest_route=%2Fwp%2Fv2%2Fmedia&parent=125"}],"curies":[{"name":"wp","href":"https:\/\/api.w.org\/{rel}","templated":true}]}}