{"id":139,"date":"2016-05-16T19:58:28","date_gmt":"2016-05-16T16:58:28","guid":{"rendered":"http:\/\/uus.tuba.ee\/?page_id=139"},"modified":"2016-05-16T19:58:28","modified_gmt":"2016-05-16T16:58:28","slug":"galerii","status":"publish","type":"page","link":"https:\/\/tuba.ee\/?page_id=139","title":{"rendered":"GALERII"},"content":{"rendered":"<p><strong><img loading=\"lazy\" decoding=\"async\" class=\"alignnone wp-image-298\" src=\"http:\/\/tuba.ee\/wp-content\/uploads\/2016\/05\/20160504_110925-212x300.jpg\" alt=\"20160504_110925\" width=\"142\" height=\"200\" \/> <img loading=\"lazy\" decoding=\"async\" class=\"alignnone wp-image-301\" src=\"http:\/\/tuba.ee\/wp-content\/uploads\/2016\/05\/P1100443-227x300.jpg\" alt=\"P1100443\" width=\"152\" height=\"200\" \/> <img loading=\"lazy\" decoding=\"async\" class=\"alignnone wp-image-303\" src=\"http:\/\/tuba.ee\/wp-content\/uploads\/2016\/05\/20160509_185835-224x300.jpg\" alt=\"20160509_185835\" width=\"150\" height=\"200\" \/>\u00a0<img loading=\"lazy\" decoding=\"async\" class=\"alignnone wp-image-302\" src=\"http:\/\/tuba.ee\/wp-content\/uploads\/2016\/05\/P1100439-1-225x300.jpg\" alt=\"P1100439\" width=\"150\" height=\"200\" \/><br \/>\n<\/strong><\/p>\n<p>Oleme t\u00f6\u00f6tube l\u00e4biviinud paljudes Eestimaa lasteaedades ja koolides:<\/p>\n<p>Tallinna Vanalinna Hariduskolleegiumis, Tallinna Haraka Lasteaias, Tallinna Vikerkaare Lasteaias, Tallinna R\u00f5\u00f5mupesa Lasteaias, Tallinna Kadaka Lasteaias, Lastehoius N\u00f6psik, Rocca al Mare Koolis, Keila koolis, Laulasmaa koolis, Lehola lasteaed-algkoolis ja Klooga lasteaias Keila vallas, J\u00fcri koolis, Peetri koolis, \u00d5ie lasteaias J\u00fcris, Saue lasteaias, Harku lasteaias ja Veskitammi lasteaias Harjumaal, Juuru P\u00f5hikoolis, Ridala P\u00f5hikoolis, Loksa G\u00fcmnaasiumis, Tallinna Saksa G\u00fcmnaasiumis, Kadrioru Saksa G\u00fcmnaasiumis ning paljudes teistes lasteasutustes.<\/p>\n<p>Oleme kohal k\u00e4inud j\u00e4rgnevates ettev\u00f5tetes ja asutustes: AS SEB Pangas,\u00a0 Tallinna Lennusadamas, SA Keskkonnainvesteeringute Keskuses, Eesti Infotehnoloogia Sihtasutuse j\u00f5ulupeol, EV V\u00e4lisministeeriumis, Ameerika \u00dchendriikide Suursaatkonnas Tallinnas, CV Online j\u00f5ulupeol, Rimi Eesti Food AS laste j\u00f5ulu\u00fcritusel,\u00a0 AS Eesti Energia ja Viru Keemia Grupi Kaevurite Perep\u00e4eval, Toyota Baltic AS-is, Pilistvere J\u00f5ulumaal, Anija Vallavalitsuses, NATO CCDOE j\u00f5ulupeol, jne. <span class=\"bold\">\u00a0<\/span><\/p>\n<p>Siit leiategi m\u00f5ned pildid meie ettev\u00f5tmistest ja toimunud \u00fcritustest.<\/p>\n<p><strong>3D pliiatsitega joonistamise t\u00f6\u00f6tuba 2016<\/strong><\/p>\n<p><img loading=\"lazy\" decoding=\"async\" class=\"alignnone wp-image-516\" src=\"http:\/\/tuba.ee\/wp-content\/uploads\/2016\/08\/20160722_170452-e1471092246755-169x300.jpg\" alt=\"20160722_170452\" width=\"113\" height=\"200\" \/>\u00a0<img loading=\"lazy\" decoding=\"async\" class=\"alignnone wp-image-519\" src=\"http:\/\/tuba.ee\/wp-content\/uploads\/2016\/05\/20160722_170717-e1471092224663-169x300.jpg\" alt=\"20160722_170717\" width=\"113\" height=\"200\" \/>\u00a0<img loading=\"lazy\" decoding=\"async\" class=\"alignnone wp-image-518\" src=\"http:\/\/tuba.ee\/wp-content\/uploads\/2016\/05\/20160722_170523-e1471092235112-169x300.jpg\" alt=\"20160722_170523\" width=\"113\" height=\"200\" \/>\u00a0<img loading=\"lazy\" decoding=\"async\" class=\"alignnone wp-image-532\" src=\"http:\/\/tuba.ee\/wp-content\/uploads\/2016\/05\/20160722_172815-e1471092893648-169x300.jpg\" alt=\"20160722_172815\" width=\"113\" height=\"200\" \/>\u00a0<img loading=\"lazy\" decoding=\"async\" class=\"alignnone wp-image-520\" src=\"http:\/\/tuba.ee\/wp-content\/uploads\/2016\/05\/20160722_172751-e1471092213137-169x300.jpg\" alt=\"20160722_172751\" width=\"113\" height=\"200\" \/><\/p>\n<p><strong>Kehakoorija meisterdamine Laagri lasteaias 2013<\/strong><\/p>\n<p><img loading=\"lazy\" decoding=\"async\" class=\"alignnone wp-image-499\" src=\"http:\/\/tuba.ee\/wp-content\/uploads\/2016\/05\/1467-1-300x200.jpg\" alt=\"1467 (1)\" width=\"191\" height=\"127\" \/> <img loading=\"lazy\" decoding=\"async\" class=\"alignnone wp-image-500\" src=\"http:\/\/tuba.ee\/wp-content\/uploads\/2016\/05\/1467-3-300x183.jpg\" alt=\"1467 (3)\" width=\"208\" height=\"127\" \/> <img loading=\"lazy\" decoding=\"async\" class=\"alignnone wp-image-501\" src=\"http:\/\/tuba.ee\/wp-content\/uploads\/2016\/05\/1467-4-300x200.jpg\" alt=\"1467 (4)\" width=\"191\" height=\"127\" \/><\/p>\n","protected":false},"excerpt":{"rendered":"<p>\u00a0 Oleme t\u00f6\u00f6tube l\u00e4biviinud paljudes Eestimaa lasteaedades ja koolides: Tallinna Vanalinna Hariduskolleegiumis, Tallinna Haraka Lasteaias, Tallinna Vikerkaare Lasteaias, Tallinna R\u00f5\u00f5mupesa Lasteaias, Tallinna Kadaka Lasteaias, Lastehoius N\u00f6psik, Rocca al Mare Koolis, Keila koolis, Laulasmaa koolis, Lehola lasteaed-algkoolis ja Klooga lasteaias Keila vallas, J\u00fcri koolis, Peetri koolis, \u00d5ie lasteaias J\u00fcris, Saue lasteaias, Harku lasteaias ja Veskitammi lasteaias &hellip; <\/p>\n<p class=\"link-more\"><a href=\"https:\/\/tuba.ee\/?page_id=139\" class=\"more-link\">Loe edasi<span class=\"screen-reader-text\"> &#8220;GALERII&#8221;<\/span><\/a><\/p>\n","protected":false},"author":1,"featured_media":0,"parent":0,"menu_order":0,"comment_status":"closed","ping_status":"closed","template":"","meta":{"footnotes":""},"class_list":["post-139","page","type-page","status-publish","hentry"],"_links":{"self":[{"href":"https:\/\/tuba.ee\/index.php?rest_route=\/wp\/v2\/pages\/139","targetHints":{"allow":["GET"]}}],"collection":[{"href":"https:\/\/tuba.ee\/index.php?rest_route=\/wp\/v2\/pages"}],"about":[{"href":"https:\/\/tuba.ee\/index.php?rest_route=\/wp\/v2\/types\/page"}],"author":[{"embeddable":true,"href":"https:\/\/tuba.ee\/index.php?rest_route=\/wp\/v2\/users\/1"}],"replies":[{"embeddable":true,"href":"https:\/\/tuba.ee\/index.php?rest_route=%2Fwp%2Fv2%2Fcomments&post=139"}],"version-history":[{"count":0,"href":"https:\/\/tuba.ee\/index.php?rest_route=\/wp\/v2\/pages\/139\/revisions"}],"wp:attachment":[{"href":"https:\/\/tuba.ee\/index.php?rest_route=%2Fwp%2Fv2%2Fmedia&parent=139"}],"curies":[{"name":"wp","href":"https:\/\/api.w.org\/{rel}","templated":true}]}}