{"id":149,"date":"2016-05-16T20:08:41","date_gmt":"2016-05-16T17:08:41","guid":{"rendered":"http:\/\/uus.tuba.ee\/?page_id=149"},"modified":"2016-05-16T20:08:41","modified_gmt":"2016-05-16T17:08:41","slug":"kivituba","status":"publish","type":"page","link":"https:\/\/tuba.ee\/?page_id=149","title":{"rendered":"KIVITUBA"},"content":{"rendered":"<p><strong><img loading=\"lazy\" decoding=\"async\" class=\"alignnone wp-image-455\" src=\"http:\/\/tuba.ee\/wp-content\/uploads\/2016\/05\/MG_2712-1-300x205.jpg\" alt=\"_MG_2712\" width=\"199\" height=\"136\" \/>\u00a0<img loading=\"lazy\" decoding=\"async\" class=\"alignnone wp-image-199\" src=\"http:\/\/uus.tuba.ee\/wp-content\/uploads\/2016\/05\/P1040784-300x225.jpg\" alt=\"P1040784\" width=\"181\" height=\"136\" \/>\u00a0<img loading=\"lazy\" decoding=\"async\" class=\"alignnone wp-image-457\" src=\"http:\/\/tuba.ee\/wp-content\/uploads\/2016\/05\/MG_2714-E-1-300x200.jpg\" alt=\"_MG_2714-E\" width=\"204\" height=\"136\" \/>\u00a0<\/strong><\/p>\n<p>Selles t\u00f6\u00f6toas lihvime ja poleerime talgikivi, mille tulemusel muutub selle pind siledaks ja veidi marmorit meenutavaks.<\/p>\n<p>Kivitubades on v\u00f5imalik valmistada:<\/p>\n<ul>\n<li><strong>Kaelaehe<\/strong><\/li>\n<li><strong>V\u00f5tmehoidja<\/strong><\/li>\n<\/ul>\n<p><strong>T\u00f6\u00f6toa kestvus<\/strong><\/p>\n<p>Ajaliselt kulub t\u00f6\u00f6toale umbes<strong> 1 tund.<\/strong><\/p>\n<p><strong>Osalejate vanus<\/strong><\/p>\n<p>Soovituslik osaleja vanus on alates <strong>6. eluaastast<\/strong>. Juhul kui t\u00f6\u00f6tuba korraldatakse koos vanematega, saavad osalemisega hakkama ka nooremad lapsed.<\/p>\n<p><strong>T\u00f6\u00f6toa maksumus<\/strong><\/p>\n<p>Vaata hinnakirja v\u00f5i k\u00fcsi pakkumist t\u00f6\u00f6toa l\u00e4biviimiseks <strong>info@tuba.ee.<\/strong><\/p>\n","protected":false},"excerpt":{"rendered":"<p>\u00a0\u00a0\u00a0 Selles t\u00f6\u00f6toas lihvime ja poleerime talgikivi, mille tulemusel muutub selle pind siledaks ja veidi marmorit meenutavaks. Kivitubades on v\u00f5imalik valmistada: Kaelaehe V\u00f5tmehoidja T\u00f6\u00f6toa kestvus Ajaliselt kulub t\u00f6\u00f6toale umbes 1 tund. Osalejate vanus Soovituslik osaleja vanus on alates 6. eluaastast. Juhul kui t\u00f6\u00f6tuba korraldatakse koos vanematega, saavad osalemisega hakkama ka nooremad lapsed. T\u00f6\u00f6toa maksumus Vaata &hellip; <\/p>\n<p class=\"link-more\"><a href=\"https:\/\/tuba.ee\/?page_id=149\" class=\"more-link\">Loe edasi<span class=\"screen-reader-text\"> &#8220;KIVITUBA&#8221;<\/span><\/a><\/p>\n","protected":false},"author":1,"featured_media":0,"parent":8,"menu_order":1,"comment_status":"closed","ping_status":"closed","template":"","meta":{"footnotes":""},"class_list":["post-149","page","type-page","status-publish","hentry"],"_links":{"self":[{"href":"https:\/\/tuba.ee\/index.php?rest_route=\/wp\/v2\/pages\/149","targetHints":{"allow":["GET"]}}],"collection":[{"href":"https:\/\/tuba.ee\/index.php?rest_route=\/wp\/v2\/pages"}],"about":[{"href":"https:\/\/tuba.ee\/index.php?rest_route=\/wp\/v2\/types\/page"}],"author":[{"embeddable":true,"href":"https:\/\/tuba.ee\/index.php?rest_route=\/wp\/v2\/users\/1"}],"replies":[{"embeddable":true,"href":"https:\/\/tuba.ee\/index.php?rest_route=%2Fwp%2Fv2%2Fcomments&post=149"}],"version-history":[{"count":0,"href":"https:\/\/tuba.ee\/index.php?rest_route=\/wp\/v2\/pages\/149\/revisions"}],"up":[{"embeddable":true,"href":"https:\/\/tuba.ee\/index.php?rest_route=\/wp\/v2\/pages\/8"}],"wp:attachment":[{"href":"https:\/\/tuba.ee\/index.php?rest_route=%2Fwp%2Fv2%2Fmedia&parent=149"}],"curies":[{"name":"wp","href":"https:\/\/api.w.org\/{rel}","templated":true}]}}