{"id":161,"date":"2016-05-16T20:29:00","date_gmt":"2016-05-16T17:29:00","guid":{"rendered":"http:\/\/uus.tuba.ee\/?page_id=161"},"modified":"2016-05-16T20:29:00","modified_gmt":"2016-05-16T17:29:00","slug":"maiustustetuba","status":"publish","type":"page","link":"https:\/\/tuba.ee\/?page_id=161","title":{"rendered":"MAIUSTUSTETUBA"},"content":{"rendered":"<p><strong><img loading=\"lazy\" decoding=\"async\" class=\"alignnone wp-image-446\" src=\"http:\/\/tuba.ee\/wp-content\/uploads\/2016\/05\/MG_1982-1-300x200.jpg\" alt=\"_MG_1982\" width=\"191\" height=\"127\" \/> <img loading=\"lazy\" decoding=\"async\" class=\"alignnone wp-image-496\" src=\"http:\/\/tuba.ee\/wp-content\/uploads\/2016\/08\/P1070157-300x225.jpg\" alt=\"P1070157\" width=\"169\" height=\"127\" \/>\u00a0<img loading=\"lazy\" decoding=\"async\" class=\"alignnone wp-image-447\" src=\"http:\/\/tuba.ee\/wp-content\/uploads\/2016\/05\/MG_2108-2-300x200.jpg\" alt=\"_MG_2108\" width=\"191\" height=\"127\" \/><\/strong><\/p>\n<p><strong>\u00a0<\/strong>V\u00f5imalik on tellida j\u00e4rgmiste maiustuste valmistamise t\u00f6\u00f6tube:<strong><br \/>\n<\/strong><\/p>\n<ul>\n<li><strong>V\u00e4rvilistest martsipanist kujukeste voolimine<\/strong><\/li>\n<li><strong>Martsipani kommide voolimine<\/strong><\/li>\n<li><strong>Toor\u0161okolaadist kommide valmistamine<\/strong><\/li>\n<li><strong>Seemne-\u0161okolaaditr\u00fchvlite valmistamine<\/strong><\/li>\n<\/ul>\n<p><strong>Martsipani t\u00f6\u00f6tubades<\/strong> tutvustame erinevaid v\u00f5tteid ja nippe, kuidas\u00a0martsipani voolida ja sellest kas kujukesi v\u00f5i kommikesi valmistada. Omavalmistatud martsipani kujukesi saab kasutada kookide\u00a0kaunistamiseks, kingituseks v\u00f5i niisama maiustamiseks. Komme aga sobib kinkida\u00a0k\u00f5ige kallimale\u00a0s\u00fcnnip\u00e4evaks, s\u00f5brap\u00e4evaks v\u00f5i niisama magusaks \u00fcllatuseks m\u00f5ne muu t\u00e4htp\u00e4eva (isadep\u00e4eva, emadep\u00e4eva, s\u00f5brap\u00e4eva, naistep\u00e4eva) puhul!<\/p>\n<p><strong>Toor\u0161okolaadi t\u00f6\u00f6tubades<\/strong> teeme naturaalsest kakaov\u00f5ist \u0161okolaadi, millest valmistame suussulavaid \u0161okolaadikomme. V\u00e4rvilise ja ilusa vormi teeme \u0161okolaadile martsipanist v\u00f5i kasutame spetsiaalseid kommivorme. Tr\u00fchvleid veeretame n\u00e4pu vahel.<\/p>\n<p><strong>T\u00f6\u00f6toa kestvus<\/strong><\/p>\n<p>Ajaliselt kulub t\u00f6\u00f6toale umbes <strong>1 tund<\/strong>. T\u00f6\u00f6toa kestvus oleneb seltskonna vanusest, suurusest ja Teie ajalimiidist.<\/p>\n<p><strong>Osalejate vanus<\/strong><\/p>\n<p>Osad magusad t\u00f6\u00f6toad sobivad lastele juba alates <strong>3. eluaastast<\/strong>.<\/p>\n<p><strong>T\u00f6\u00f6toa maksumus<\/strong><\/p>\n<p>Vaata\u00a0hinnakirja\u00a0v\u00f5i k\u00fcsi pakkumist t\u00f6\u00f6toa l\u00e4biviimiseks\u00a0<strong>info@tuba.ee.<\/strong><\/p>\n","protected":false},"excerpt":{"rendered":"<p>\u00a0 \u00a0V\u00f5imalik on tellida j\u00e4rgmiste maiustuste valmistamise t\u00f6\u00f6tube: V\u00e4rvilistest martsipanist kujukeste voolimine Martsipani kommide voolimine Toor\u0161okolaadist kommide valmistamine Seemne-\u0161okolaaditr\u00fchvlite valmistamine Martsipani t\u00f6\u00f6tubades tutvustame erinevaid v\u00f5tteid ja nippe, kuidas\u00a0martsipani voolida ja sellest kas kujukesi v\u00f5i kommikesi valmistada. Omavalmistatud martsipani kujukesi saab kasutada kookide\u00a0kaunistamiseks, kingituseks v\u00f5i niisama maiustamiseks. Komme aga sobib kinkida\u00a0k\u00f5ige kallimale\u00a0s\u00fcnnip\u00e4evaks, s\u00f5brap\u00e4evaks v\u00f5i niisama magusaks &hellip; <\/p>\n<p class=\"link-more\"><a href=\"https:\/\/tuba.ee\/?page_id=161\" class=\"more-link\">Loe edasi<span class=\"screen-reader-text\"> &#8220;MAIUSTUSTETUBA&#8221;<\/span><\/a><\/p>\n","protected":false},"author":1,"featured_media":0,"parent":8,"menu_order":1,"comment_status":"closed","ping_status":"closed","template":"","meta":{"footnotes":""},"class_list":["post-161","page","type-page","status-publish","hentry"],"_links":{"self":[{"href":"https:\/\/tuba.ee\/index.php?rest_route=\/wp\/v2\/pages\/161","targetHints":{"allow":["GET"]}}],"collection":[{"href":"https:\/\/tuba.ee\/index.php?rest_route=\/wp\/v2\/pages"}],"about":[{"href":"https:\/\/tuba.ee\/index.php?rest_route=\/wp\/v2\/types\/page"}],"author":[{"embeddable":true,"href":"https:\/\/tuba.ee\/index.php?rest_route=\/wp\/v2\/users\/1"}],"replies":[{"embeddable":true,"href":"https:\/\/tuba.ee\/index.php?rest_route=%2Fwp%2Fv2%2Fcomments&post=161"}],"version-history":[{"count":0,"href":"https:\/\/tuba.ee\/index.php?rest_route=\/wp\/v2\/pages\/161\/revisions"}],"up":[{"embeddable":true,"href":"https:\/\/tuba.ee\/index.php?rest_route=\/wp\/v2\/pages\/8"}],"wp:attachment":[{"href":"https:\/\/tuba.ee\/index.php?rest_route=%2Fwp%2Fv2%2Fmedia&parent=161"}],"curies":[{"name":"wp","href":"https:\/\/api.w.org\/{rel}","templated":true}]}}