{"id":177,"date":"2016-05-16T20:47:44","date_gmt":"2016-05-16T17:47:44","guid":{"rendered":"http:\/\/uus.tuba.ee\/?page_id=177"},"modified":"2016-05-16T20:47:44","modified_gmt":"2016-05-16T17:47:44","slug":"seebituba","status":"publish","type":"page","link":"https:\/\/tuba.ee\/?page_id=177","title":{"rendered":"SEEBITUBA"},"content":{"rendered":"<p><strong><img loading=\"lazy\" decoding=\"async\" class=\"alignnone wp-image-436\" src=\"http:\/\/tuba.ee\/wp-content\/uploads\/2016\/05\/MG_1356-1-300x200.jpg\" alt=\"_MG_1356\" width=\"192\" height=\"128\" \/>\u00a0<img loading=\"lazy\" decoding=\"async\" class=\"alignnone wp-image-437\" src=\"http:\/\/tuba.ee\/wp-content\/uploads\/2016\/05\/seebid16-300x198.png\" alt=\"seebid16\" width=\"194\" height=\"128\" \/>\u00a0<img loading=\"lazy\" decoding=\"async\" class=\"alignnone wp-image-299\" src=\"http:\/\/uus.tuba.ee\/wp-content\/uploads\/2016\/05\/P1040789-300x222.jpg\" alt=\"P1040789\" width=\"173\" height=\"128\" \/><\/strong><\/p>\n<p>Isetehtud, h\u00e4sti l\u00f5hnav ja toreda kujuga seep meeldib nii lapsele kui t\u00e4iskasvanule!\u00a0Kaunis seep sobib suurep\u00e4raselt kingituseks.<\/p>\n<p>Seebi valmistamisel kasutame valmisseebimassi, millele lisame meelep\u00e4raseid ravimtaimi, v\u00e4rve ning l\u00f5hnu. T\u00f6\u00f6protsess on loominguline ja p\u00f5nev. Valminud seebi saab t\u00f6\u00f6toast kohe kaasa.<\/p>\n<p><strong>T\u00f6\u00f6toa kestvus<\/strong><\/p>\n<p>Ajaliselt kulub t\u00f6\u00f6toale umbes\u00a0<strong>1\u00a0tund<\/strong>. T\u00f6\u00f6toa kestvus oleneb seltskonna vanusest, suurusest ja Teie ajalimiidist.<\/p>\n<p><strong>Osalejate vanus<\/strong><\/p>\n<p>T\u00f6\u00f6tuba sobib k\u00f5igile, kellel\u00a0<strong>vanust \u00fcle 4 aasta.<\/strong><\/p>\n<p><strong>T\u00f6\u00f6toa maksumus<\/strong><\/p>\n<p>Vaata hinnakirja\u00a0v\u00f5i k\u00fcsi pakkumist t\u00f6\u00f6toa l\u00e4biviimiseks\u00a0<span lang=\"zxx\"><strong>info@tuba.ee<\/strong><\/span><strong>.<\/strong><\/p>\n","protected":false},"excerpt":{"rendered":"<p>\u00a0\u00a0 Isetehtud, h\u00e4sti l\u00f5hnav ja toreda kujuga seep meeldib nii lapsele kui t\u00e4iskasvanule!\u00a0Kaunis seep sobib suurep\u00e4raselt kingituseks. Seebi valmistamisel kasutame valmisseebimassi, millele lisame meelep\u00e4raseid ravimtaimi, v\u00e4rve ning l\u00f5hnu. T\u00f6\u00f6protsess on loominguline ja p\u00f5nev. Valminud seebi saab t\u00f6\u00f6toast kohe kaasa. T\u00f6\u00f6toa kestvus Ajaliselt kulub t\u00f6\u00f6toale umbes\u00a01\u00a0tund. T\u00f6\u00f6toa kestvus oleneb seltskonna vanusest, suurusest ja Teie ajalimiidist. Osalejate &hellip; <\/p>\n<p class=\"link-more\"><a href=\"https:\/\/tuba.ee\/?page_id=177\" class=\"more-link\">Loe edasi<span class=\"screen-reader-text\"> &#8220;SEEBITUBA&#8221;<\/span><\/a><\/p>\n","protected":false},"author":1,"featured_media":0,"parent":8,"menu_order":1,"comment_status":"closed","ping_status":"closed","template":"","meta":{"footnotes":""},"class_list":["post-177","page","type-page","status-publish","hentry"],"_links":{"self":[{"href":"https:\/\/tuba.ee\/index.php?rest_route=\/wp\/v2\/pages\/177","targetHints":{"allow":["GET"]}}],"collection":[{"href":"https:\/\/tuba.ee\/index.php?rest_route=\/wp\/v2\/pages"}],"about":[{"href":"https:\/\/tuba.ee\/index.php?rest_route=\/wp\/v2\/types\/page"}],"author":[{"embeddable":true,"href":"https:\/\/tuba.ee\/index.php?rest_route=\/wp\/v2\/users\/1"}],"replies":[{"embeddable":true,"href":"https:\/\/tuba.ee\/index.php?rest_route=%2Fwp%2Fv2%2Fcomments&post=177"}],"version-history":[{"count":0,"href":"https:\/\/tuba.ee\/index.php?rest_route=\/wp\/v2\/pages\/177\/revisions"}],"up":[{"embeddable":true,"href":"https:\/\/tuba.ee\/index.php?rest_route=\/wp\/v2\/pages\/8"}],"wp:attachment":[{"href":"https:\/\/tuba.ee\/index.php?rest_route=%2Fwp%2Fv2%2Fmedia&parent=177"}],"curies":[{"name":"wp","href":"https:\/\/api.w.org\/{rel}","templated":true}]}}