{"id":237,"date":"2016-05-22T16:49:46","date_gmt":"2016-05-22T13:49:46","guid":{"rendered":"http:\/\/uus.tuba.ee\/?page_id=237"},"modified":"2016-05-22T16:49:46","modified_gmt":"2016-05-22T13:49:46","slug":"kehakoorijatuba","status":"publish","type":"page","link":"https:\/\/tuba.ee\/?page_id=237","title":{"rendered":"KEHAKOORIJATUBA"},"content":{"rendered":"<p><img loading=\"lazy\" decoding=\"async\" class=\"alignnone wp-image-210\" src=\"http:\/\/uus.tuba.ee\/wp-content\/uploads\/2016\/05\/MG_2290-300x200.jpg\" alt=\"_MG_2290\" width=\"190\" height=\"127\" \/> <img loading=\"lazy\" decoding=\"async\" class=\"alignnone wp-image-209\" src=\"http:\/\/uus.tuba.ee\/wp-content\/uploads\/2016\/05\/MG_2286-e1463924912550-300x202.jpg\" width=\"189\" height=\"127\" \/> <img loading=\"lazy\" decoding=\"async\" class=\"alignnone wp-image-208\" src=\"http:\/\/uus.tuba.ee\/wp-content\/uploads\/2016\/05\/MG_2271-300x200.jpg\" alt=\"_MG_2271\" width=\"190\" height=\"127\" \/>Kehakoorijat saab teha v\u00e4ga erinevatest ainetest ning selle\u00a0jaoks tarvilikke koostisosi\u00a0leidub igas koduses majapidamises.<\/p>\n<p>Kehakoorija valmistame kas soolast v\u00f5i suhkrust ning lisame sellele erinevaid \u00f5lisid, rasvu ja soovi korral ka l\u00f5hna.<\/p>\n<p><strong>T\u00f6\u00f6toa kestvus<\/strong><\/p>\n<p>Ajaliselt kulub t\u00f6\u00f6toale umbes\u00a0<strong>1 tund<\/strong>.<\/p>\n<p><strong>Osalejate vanus<\/strong><\/p>\n<p>Soovituslik osaleja vanus on alates\u00a0<strong>6. eluaastast<\/strong>. Juhul kui t\u00f6\u00f6tuba korraldatakse koos vanematega, saavad osalemisega hakkama ka nooremad lapsed.<\/p>\n<p><strong>T\u00f6\u00f6toa maksumus<\/strong><\/p>\n<p>Vaata\u00a0hinnakirja\u00a0v\u00f5i k\u00fcsi pakkumist t\u00f6\u00f6toa l\u00e4biviimiseks\u00a0<strong>info@tuba.ee<\/strong><strong>.<\/strong><\/p>\n<p>&nbsp;<\/p>\n<p>&nbsp;<\/p>\n","protected":false},"excerpt":{"rendered":"<p>Kehakoorijat saab teha v\u00e4ga erinevatest ainetest ning selle\u00a0jaoks tarvilikke koostisosi\u00a0leidub igas koduses majapidamises. Kehakoorija valmistame kas soolast v\u00f5i suhkrust ning lisame sellele erinevaid \u00f5lisid, rasvu ja soovi korral ka l\u00f5hna. T\u00f6\u00f6toa kestvus Ajaliselt kulub t\u00f6\u00f6toale umbes\u00a01 tund. Osalejate vanus Soovituslik osaleja vanus on alates\u00a06. eluaastast. Juhul kui t\u00f6\u00f6tuba korraldatakse koos vanematega, saavad osalemisega hakkama ka &hellip; <\/p>\n<p class=\"link-more\"><a href=\"https:\/\/tuba.ee\/?page_id=237\" class=\"more-link\">Loe edasi<span class=\"screen-reader-text\"> &#8220;KEHAKOORIJATUBA&#8221;<\/span><\/a><\/p>\n","protected":false},"author":1,"featured_media":0,"parent":8,"menu_order":1,"comment_status":"closed","ping_status":"closed","template":"","meta":{"footnotes":""},"class_list":["post-237","page","type-page","status-publish","hentry"],"_links":{"self":[{"href":"https:\/\/tuba.ee\/index.php?rest_route=\/wp\/v2\/pages\/237","targetHints":{"allow":["GET"]}}],"collection":[{"href":"https:\/\/tuba.ee\/index.php?rest_route=\/wp\/v2\/pages"}],"about":[{"href":"https:\/\/tuba.ee\/index.php?rest_route=\/wp\/v2\/types\/page"}],"author":[{"embeddable":true,"href":"https:\/\/tuba.ee\/index.php?rest_route=\/wp\/v2\/users\/1"}],"replies":[{"embeddable":true,"href":"https:\/\/tuba.ee\/index.php?rest_route=%2Fwp%2Fv2%2Fcomments&post=237"}],"version-history":[{"count":0,"href":"https:\/\/tuba.ee\/index.php?rest_route=\/wp\/v2\/pages\/237\/revisions"}],"up":[{"embeddable":true,"href":"https:\/\/tuba.ee\/index.php?rest_route=\/wp\/v2\/pages\/8"}],"wp:attachment":[{"href":"https:\/\/tuba.ee\/index.php?rest_route=%2Fwp%2Fv2%2Fmedia&parent=237"}],"curies":[{"name":"wp","href":"https:\/\/api.w.org\/{rel}","templated":true}]}}