{"id":558,"date":"2019-09-29T12:51:24","date_gmt":"2019-09-29T09:51:24","guid":{"rendered":"http:\/\/tuba.ee\/?page_id=558"},"modified":"2019-09-29T12:51:24","modified_gmt":"2019-09-29T09:51:24","slug":"tuulevurri-tootuba","status":"publish","type":"page","link":"https:\/\/tuba.ee\/?page_id=558","title":{"rendered":"TUULEVURRI T\u00d6\u00d6TUBA"},"content":{"rendered":"\n<p><img decoding=\"async\" class=\"wp-image-542\" style=\"width: 150px;\" src=\"http:\/\/tuba.ee\/wp-content\/uploads\/2019\/09\/tuulevurrid-e1569750510580.jpg\" alt=\"\"><\/p>\n\n\n\n<p>Tuulevurri on kerge ise meisterdada ja sellest on lastele palju r\u00f5\u00f5mu.<\/p>\n\n\n\n<p><strong>T\u00f6\u00f6toa kestvus<\/strong><\/p>\n\n\n\n<p>Ajaliselt kulub t\u00f6\u00f6toale umbes&nbsp;<strong>1 tund<\/strong>. T\u00f6\u00f6toa kestvus oleneb seltskonna vanusest, suurusest ja Teie ajalimiidist.<\/p>\n\n\n\n<p><strong>Osalejate vanus<\/strong><\/p>\n\n\n\n<p>Tuulevurri tegemine n\u00f5uab veidi p\u00fcsivust ning aega, mist\u00f5ttu soovitame seda t\u00f6\u00f6tuba alates&nbsp;<strong>6. eluaastast.<\/strong><br>Samas saavad t\u00f6\u00f6toas osaleda ka v\u00e4iksemad lapsed koos vanematega.<\/p>\n\n\n\n<p><strong>T\u00f6\u00f6toa maksumus<\/strong><\/p>\n\n\n\n<p>Vaata hinnakirja&nbsp;v\u00f5i k\u00fcsi pakkumist t\u00f6\u00f6toa l\u00e4biviimiseks&nbsp;<strong>info@tuba.ee<\/strong><strong>.<\/strong><\/p>\n","protected":false},"excerpt":{"rendered":"<p>Tuulevurri on kerge ise meisterdada ja sellest on lastele palju r\u00f5\u00f5mu. T\u00f6\u00f6toa kestvus Ajaliselt kulub t\u00f6\u00f6toale umbes&nbsp;1 tund. T\u00f6\u00f6toa kestvus oleneb seltskonna vanusest, suurusest ja Teie ajalimiidist. Osalejate vanus Tuulevurri tegemine n\u00f5uab veidi p\u00fcsivust ning aega, mist\u00f5ttu soovitame seda t\u00f6\u00f6tuba alates&nbsp;6. eluaastast.Samas saavad t\u00f6\u00f6toas osaleda ka v\u00e4iksemad lapsed koos vanematega. T\u00f6\u00f6toa maksumus Vaata hinnakirja&nbsp;v\u00f5i k\u00fcsi &hellip; <\/p>\n<p class=\"link-more\"><a href=\"https:\/\/tuba.ee\/?page_id=558\" class=\"more-link\">Loe edasi<span class=\"screen-reader-text\"> &#8220;TUULEVURRI T\u00d6\u00d6TUBA&#8221;<\/span><\/a><\/p>\n","protected":false},"author":1,"featured_media":0,"parent":0,"menu_order":0,"comment_status":"closed","ping_status":"closed","template":"","meta":{"footnotes":""},"class_list":["post-558","page","type-page","status-publish","hentry"],"_links":{"self":[{"href":"https:\/\/tuba.ee\/index.php?rest_route=\/wp\/v2\/pages\/558","targetHints":{"allow":["GET"]}}],"collection":[{"href":"https:\/\/tuba.ee\/index.php?rest_route=\/wp\/v2\/pages"}],"about":[{"href":"https:\/\/tuba.ee\/index.php?rest_route=\/wp\/v2\/types\/page"}],"author":[{"embeddable":true,"href":"https:\/\/tuba.ee\/index.php?rest_route=\/wp\/v2\/users\/1"}],"replies":[{"embeddable":true,"href":"https:\/\/tuba.ee\/index.php?rest_route=%2Fwp%2Fv2%2Fcomments&post=558"}],"version-history":[{"count":0,"href":"https:\/\/tuba.ee\/index.php?rest_route=\/wp\/v2\/pages\/558\/revisions"}],"wp:attachment":[{"href":"https:\/\/tuba.ee\/index.php?rest_route=%2Fwp%2Fv2%2Fmedia&parent=558"}],"curies":[{"name":"wp","href":"https:\/\/api.w.org\/{rel}","templated":true}]}}