{"id":7,"date":"2014-08-05T16:04:41","date_gmt":"2014-08-05T16:04:41","guid":{"rendered":"http:\/\/uus.tuba.ee\/?page_id=2"},"modified":"2025-03-27T18:11:12","modified_gmt":"2025-03-27T18:11:12","slug":"avaleht","status":"publish","type":"page","link":"https:\/\/tuba.ee\/","title":{"rendered":"AVALEHT"},"content":{"rendered":"<p><br \/>Tere tulemast meie <strong><span style=\"color: #800000;\">TUPPA<\/span><\/strong>!<\/p>\n<p>Sulle pakub huvi meisterdamine ning soovid katsetada uute p\u00f5nevate asjade tegemist? V\u00f5i otsid vahvat ja l\u00f5busat tegevust m\u00f5nele ettev\u00f5tte \u00fcritusele v\u00f5i hoopis lapse s\u00fcnnip\u00e4evale?<\/p>\n<p>Igal juhul oled \u00f5iges kohas, sest meilegi meeldib meisterdada ja asju ise teha ning oma teadmisi ka teistega jagada.<br \/>Meie olemasolevate t\u00f6\u00f6tubade valik on lai ning sealt leiab sobiva tegevuse igas vanuses inimesele. Samas oleme alati avatud uutele p\u00f5nevatele ideedele ja valmis just teie jaoks ka uue t\u00f6\u00f6toa v\u00e4lja t\u00f6\u00f6tama.<\/p>\n<p>T\u00f6\u00f6toa l\u00e4biviimiseks ei ole vaja kusagile s\u00f5ita, sest tuleme ise teie juurde kohale!<\/p>\n<p>Soovime Teile ilusaid elamusi meie t\u00f6\u00f6tubades!<\/p>\n<p>&nbsp;<\/p>\n<p>&nbsp;<\/p>\n<p>&nbsp;<\/p>\n<p>&nbsp;<\/p>\n<p>&nbsp;<\/p>\n<p>&nbsp;<\/p>\n\n\n<p><\/p>\n","protected":false},"excerpt":{"rendered":"<p>Tere tulemast meie TUPPA! Sulle pakub huvi meisterdamine ning soovid katsetada uute p\u00f5nevate asjade tegemist? V\u00f5i otsid vahvat ja l\u00f5busat tegevust m\u00f5nele ettev\u00f5tte \u00fcritusele v\u00f5i hoopis lapse s\u00fcnnip\u00e4evale? Igal juhul oled \u00f5iges kohas, sest meilegi meeldib meisterdada ja asju ise teha ning oma teadmisi ka teistega jagada.Meie olemasolevate t\u00f6\u00f6tubade valik on lai ning sealt leiab &hellip; <\/p>\n<p class=\"link-more\"><a href=\"https:\/\/tuba.ee\/\" class=\"more-link\">Loe edasi<span class=\"screen-reader-text\"> &#8220;AVALEHT&#8221;<\/span><\/a><\/p>\n","protected":false},"author":1,"featured_media":0,"parent":0,"menu_order":0,"comment_status":"closed","ping_status":"open","template":"","meta":{"footnotes":""},"class_list":["post-7","page","type-page","status-publish","hentry"],"_links":{"self":[{"href":"https:\/\/tuba.ee\/index.php?rest_route=\/wp\/v2\/pages\/7","targetHints":{"allow":["GET"]}}],"collection":[{"href":"https:\/\/tuba.ee\/index.php?rest_route=\/wp\/v2\/pages"}],"about":[{"href":"https:\/\/tuba.ee\/index.php?rest_route=\/wp\/v2\/types\/page"}],"author":[{"embeddable":true,"href":"https:\/\/tuba.ee\/index.php?rest_route=\/wp\/v2\/users\/1"}],"replies":[{"embeddable":true,"href":"https:\/\/tuba.ee\/index.php?rest_route=%2Fwp%2Fv2%2Fcomments&post=7"}],"version-history":[{"count":2,"href":"https:\/\/tuba.ee\/index.php?rest_route=\/wp\/v2\/pages\/7\/revisions"}],"predecessor-version":[{"id":622,"href":"https:\/\/tuba.ee\/index.php?rest_route=\/wp\/v2\/pages\/7\/revisions\/622"}],"wp:attachment":[{"href":"https:\/\/tuba.ee\/index.php?rest_route=%2Fwp%2Fv2%2Fmedia&parent=7"}],"curies":[{"name":"wp","href":"https:\/\/api.w.org\/{rel}","templated":true}]}}