{"id":87,"date":"2016-05-16T18:05:32","date_gmt":"2016-05-16T15:05:32","guid":{"rendered":"http:\/\/uus.tuba.ee\/?page_id=87"},"modified":"2016-05-16T18:05:32","modified_gmt":"2016-05-16T15:05:32","slug":"kuunlatuba","status":"publish","type":"page","link":"https:\/\/tuba.ee\/?page_id=87","title":{"rendered":"K\u00dc\u00dcNLATUBA"},"content":{"rendered":"<p><strong>\u00a0<img loading=\"lazy\" decoding=\"async\" class=\"alignnone wp-image-483\" src=\"http:\/\/tuba.ee\/wp-content\/uploads\/2016\/05\/geelk\u00fc\u00fcnal6-300x213.png\" alt=\"geelk\u00fc\u00fcnal6\" width=\"179\" height=\"127\" \/>\u00a0<img loading=\"lazy\" decoding=\"async\" class=\"alignnone wp-image-479\" src=\"http:\/\/tuba.ee\/wp-content\/uploads\/2016\/05\/k\u00fc\u00fcnal1-300x230.png\" alt=\"k\u00fc\u00fcnal1\" width=\"166\" height=\"127\" \/><\/strong><\/p>\n<p>K\u00fc\u00fcnlad on inimesi lummanud juba palju aastaid. Nii m\u00f5nigi m\u00e4letab, kuidas vanasti sai k\u00fc\u00fcnlajupid \u00fcles sulatatud ja nendest uusi k\u00fc\u00fcnlaid tehtud. T\u00e4nap\u00e4eval on k\u00fc\u00fcnlateoks vajaminevate materjalide valik lai ja k\u00fc\u00fcnalde tegemine imelihtne ja tore tegevus!<\/p>\n<p>Meie t\u00f6\u00f6tubades on v\u00f5imalik valmistada:<\/p>\n<ul>\n<li><strong><strong>V\u00e4rvilisi geelk\u00fc\u00fcnlaid\u00a0<\/strong><\/strong><\/li>\n<li><strong>Naturaalsest mesilasvahast k\u00fc\u00fcnlaid\u00a0<\/strong><\/li>\n<li><strong>Parafiinist k\u00fc\u00fcnlaid\u00a0<\/strong><\/li>\n<\/ul>\n<p>K\u00fc\u00fcnlaid on hea kinkida nii j\u00f5uludeks kui ka s\u00fcnnip\u00e4evaks ning need on peale selle veel sobivaks lauakaunistuseks hingede- ja k\u00fc\u00fcnlap\u00e4eval.<\/p>\n<p>Valminud ja jahtunud k\u00fc\u00fcnla saab osaleja t\u00f6\u00f6toast kohe kaasa.<\/p>\n<p><strong>T\u00f6\u00f6toa kestvus<\/strong><\/p>\n<p>Ajaliselt kulub t\u00f6\u00f6toale umbes\u00a0<strong>1 tund.<\/strong>\u00a0T\u00f6\u00f6toa kestvus oleneb seltskonna vanusest, suurusest ja Teie ajalimiidist.<\/p>\n<p><strong>Osalejate vanus<\/strong><\/p>\n<p>T\u00f6\u00f6toad sobivad alates <strong>7. eluaastast.<\/strong><\/p>\n<p><strong>T\u00f6\u00f6toa maksumus<\/strong><\/p>\n<p>Vaata hinnakirja\u00a0v\u00f5i k\u00fcsi pakkumist info@tuba.ee.<\/p>\n","protected":false},"excerpt":{"rendered":"<p>\u00a0\u00a0 K\u00fc\u00fcnlad on inimesi lummanud juba palju aastaid. Nii m\u00f5nigi m\u00e4letab, kuidas vanasti sai k\u00fc\u00fcnlajupid \u00fcles sulatatud ja nendest uusi k\u00fc\u00fcnlaid tehtud. T\u00e4nap\u00e4eval on k\u00fc\u00fcnlateoks vajaminevate materjalide valik lai ja k\u00fc\u00fcnalde tegemine imelihtne ja tore tegevus! Meie t\u00f6\u00f6tubades on v\u00f5imalik valmistada: V\u00e4rvilisi geelk\u00fc\u00fcnlaid\u00a0 Naturaalsest mesilasvahast k\u00fc\u00fcnlaid\u00a0 Parafiinist k\u00fc\u00fcnlaid\u00a0 K\u00fc\u00fcnlaid on hea kinkida nii j\u00f5uludeks kui &hellip; <\/p>\n<p class=\"link-more\"><a href=\"https:\/\/tuba.ee\/?page_id=87\" class=\"more-link\">Loe edasi<span class=\"screen-reader-text\"> &#8220;K\u00dc\u00dcNLATUBA&#8221;<\/span><\/a><\/p>\n","protected":false},"author":1,"featured_media":0,"parent":8,"menu_order":1,"comment_status":"closed","ping_status":"closed","template":"","meta":{"footnotes":""},"class_list":["post-87","page","type-page","status-publish","hentry"],"_links":{"self":[{"href":"https:\/\/tuba.ee\/index.php?rest_route=\/wp\/v2\/pages\/87","targetHints":{"allow":["GET"]}}],"collection":[{"href":"https:\/\/tuba.ee\/index.php?rest_route=\/wp\/v2\/pages"}],"about":[{"href":"https:\/\/tuba.ee\/index.php?rest_route=\/wp\/v2\/types\/page"}],"author":[{"embeddable":true,"href":"https:\/\/tuba.ee\/index.php?rest_route=\/wp\/v2\/users\/1"}],"replies":[{"embeddable":true,"href":"https:\/\/tuba.ee\/index.php?rest_route=%2Fwp%2Fv2%2Fcomments&post=87"}],"version-history":[{"count":0,"href":"https:\/\/tuba.ee\/index.php?rest_route=\/wp\/v2\/pages\/87\/revisions"}],"up":[{"embeddable":true,"href":"https:\/\/tuba.ee\/index.php?rest_route=\/wp\/v2\/pages\/8"}],"wp:attachment":[{"href":"https:\/\/tuba.ee\/index.php?rest_route=%2Fwp%2Fv2%2Fmedia&parent=87"}],"curies":[{"name":"wp","href":"https:\/\/api.w.org\/{rel}","templated":true}]}}